{"id":2,"date":"2020-01-31T21:34:56","date_gmt":"2020-01-31T21:34:56","guid":{"rendered":"https:\/\/www.motoga.pl\/?page_id=2"},"modified":"2026-02-12T09:51:19","modified_gmt":"2026-02-12T09:51:19","slug":"witaj-zagubiony-surferze","status":"publish","type":"page","link":"https:\/\/www.motoga.pl\/","title":{"rendered":"Witaj zagubiony surferze!"},"content":{"rendered":"\n<div class=\"wp-block-group\"><div class=\"wp-block-group__inner-container is-layout-constrained wp-block-group-is-layout-constrained\">\n<p><strong><em>Teoria szcz\u0119\u015bcia wed\u0142ug Alberta Einsteina:<\/em><\/strong><\/p>\n\n\n\n<ol class=\"wp-block-list\">\n<li><em>Ciche i skromne \u017cycie przynosi wi\u0119cej rado\u015bci, ni\u017c d\u0105\u017cenie do sukcesu zwi\u0105zanego z ci\u0105g\u0142ym niepokojem.<\/em><\/li>\n\n\n\n<li><em>Gdzie jest wola, jest jaki\u015b spos\u00f3b.<\/em><\/li>\n<\/ol>\n<\/div><\/div>\n\n\n\n<p>Mieszkam we Wsi Motoga od 17 wrze\u015bnia 2009 roku. Na pomys\u0142 strony wpad\u0142em ju\u017c dawno temu, gorzej by\u0142o z realizacj\u0105 \ud83d\ude09 a\u017c w ko\u0144cu &#8220;nadejsz\u0142a wiekopomna chwi\u0142a&#8221; i&#8230; ju\u017c co\u015b mo\u017cna przeczyta\u0107 i zobaczy\u0107. \u017byj\u0119 tu sobie skromnie, cicho i spokojnie, w\u015br\u00f3d dobrych i \u017cyczliwych ludzi. Cho\u0107 cz\u0119\u015b\u0107 z nich ju\u017c odesz\u0142a&#8230; dobre duchy wci\u0105\u017c kr\u0105\u017c\u0105 po okolicy.<\/p>\n\n\n\n<p>Utrzymuj\u0119 na cha\u0142upie kocura Tupolewa i kot\u0119 \u0141at\u0119. Mam na stanie te\u017c pies\u0119, co si\u0119 wabi Finka (wci\u0105\u017c gryzie, cho\u0107 ju\u017c starowinka), dokarmiam 7 je\u017cy i wolno\u017cyj\u0105ce koty. <\/p>\n\n\n\n<p>Tu niestety aktualizacja miejsce mie\u0107 musi: kot Tupolew wyszed\u0142 przed mrozami. Nie wr\u00f3ci\u0142. Kotki zaczynaj\u0105 si\u0119 puszcza\u0107, mimo \u017ce dopiero 12 luty, wi\u0119c je\u015bli wci\u0105\u017c go nie ma, nadzieje na powr\u00f3t raczej marne. Piesa wybra\u0142a si\u0119 beze mnie do Krainy Wiecznych \u0141ow\u00f3w. Je\u017ce \u015bpi\u0105 zim\u0105. Wiosn\u0105 oka\u017ce si\u0119 ile z nich przetrwa\u0142o. Domowo utrzymuj\u0119 kot\u0119 \u0141at\u0119, i dwoje m\u0142odych futrzak\u00f3w: pomara\u0144czow\u0105 Pysiora i we\u0142niaka Wyciora.<\/p>\n\n\n\n<p>A to jest&#8230; moja strona \ud83d\ude42<br><br>Co\u015b wi\u0119cej w najbli\u017cszym czasie, bo ostatnio zarobiony jestem&#8230;<br><br>albo mam niechcieja \ud83d\ude09<\/p>\n\n\n\n<p><\/p>\n","protected":false},"excerpt":{"rendered":"<p>Teoria szcz\u0119\u015bcia wed\u0142ug Alberta Einsteina: Mieszkam we Wsi Motoga od 17 wrze\u015bnia 2009 roku. Na pomys\u0142 strony wpad\u0142em ju\u017c dawno temu, gorzej by\u0142o z realizacj\u0105 \ud83d\ude09 a\u017c w ko\u0144cu &#8220;nadejsz\u0142a wiekopomna chwi\u0142a&#8221; i&#8230; ju\u017c co\u015b mo\u017cna przeczyta\u0107 i zobaczy\u0107. \u017byj\u0119 tu sobie skromnie, cicho i spokojnie, w\u015br\u00f3d dobrych i \u017cyczliwych ludzi. Cho\u0107 cz\u0119\u015b\u0107 z nich &hellip; <a href=\"https:\/\/www.motoga.pl\/\" class=\"more-link\">Continue reading<span class=\"screen-reader-text\"> &#8220;Witaj zagubiony surferze!&#8221;<\/span><\/a><\/p>\n","protected":false},"author":1,"featured_media":0,"parent":0,"menu_order":0,"comment_status":"closed","ping_status":"closed","template":"elementor_theme","meta":{"footnotes":""},"class_list":["post-2","page","type-page","status-publish","hentry"],"_links":{"self":[{"href":"https:\/\/www.motoga.pl\/index.php\/wp-json\/wp\/v2\/pages\/2","targetHints":{"allow":["GET"]}}],"collection":[{"href":"https:\/\/www.motoga.pl\/index.php\/wp-json\/wp\/v2\/pages"}],"about":[{"href":"https:\/\/www.motoga.pl\/index.php\/wp-json\/wp\/v2\/types\/page"}],"author":[{"embeddable":true,"href":"https:\/\/www.motoga.pl\/index.php\/wp-json\/wp\/v2\/users\/1"}],"replies":[{"embeddable":true,"href":"https:\/\/www.motoga.pl\/index.php\/wp-json\/wp\/v2\/comments?post=2"}],"version-history":[{"count":29,"href":"https:\/\/www.motoga.pl\/index.php\/wp-json\/wp\/v2\/pages\/2\/revisions"}],"predecessor-version":[{"id":168,"href":"https:\/\/www.motoga.pl\/index.php\/wp-json\/wp\/v2\/pages\/2\/revisions\/168"}],"wp:attachment":[{"href":"https:\/\/www.motoga.pl\/index.php\/wp-json\/wp\/v2\/media?parent=2"}],"curies":[{"name":"wp","href":"https:\/\/api.w.org\/{rel}","templated":true}]}}